{"id":10,"date":"2022-03-05T11:29:02","date_gmt":"2022-03-05T10:29:02","guid":{"rendered":"http:\/\/lappelaubienlille.fr\/?page_id=10"},"modified":"2026-03-07T15:46:46","modified_gmt":"2026-03-07T14:46:46","slug":"creez-votre-site-avec-des-blocs","status":"publish","type":"page","link":"https:\/\/lappelaubienlille.fr\/","title":{"rendered":"Bienvenue sur notre site \u00ab\u00a0L\u2019Appel au Bien\u00a0\u00bb"},"content":{"rendered":"\n<p><\/p>\n\n\n\n<figure class=\"wp-block-image alignfull size-large is-style-default\"><img loading=\"lazy\" decoding=\"async\" width=\"768\" height=\"1024\" src=\"http:\/\/lappelaubienlille.fr\/wp-content\/uploads\/2023\/02\/IMG_1494-768x1024.jpg\" alt=\"\" class=\"wp-image-155\" srcset=\"https:\/\/lappelaubienlille.fr\/wp-content\/uploads\/2023\/02\/IMG_1494-768x1024.jpg 768w, https:\/\/lappelaubienlille.fr\/wp-content\/uploads\/2023\/02\/IMG_1494-225x300.jpg 225w, https:\/\/lappelaubienlille.fr\/wp-content\/uploads\/2023\/02\/IMG_1494-1152x1536.jpg 1152w, https:\/\/lappelaubienlille.fr\/wp-content\/uploads\/2023\/02\/IMG_1494-1536x2048.jpg 1536w, https:\/\/lappelaubienlille.fr\/wp-content\/uploads\/2023\/02\/IMG_1494-scaled.jpg 1920w\" sizes=\"auto, (max-width: 768px) 100vw, 768px\" \/><\/figure>\n\n\n\n<p style=\"font-size:16px\"><br>Bas\u00e9e sur <em>Le Signe<\/em> , \u00ab&nbsp;L\u2019Appel au Bien&nbsp;\u00bb est une association qui invite au changement des mentalit\u00e9s, des comportements pour mieux vivre ensemble et pour permettre \u00e0 chacun selon ses moyens, de grandir en conscience et en humanit\u00e9.<\/p>\n\n\n\n<p><\/p>\n\n\n\n<p><\/p>\n\n\n\n<h2 class=\"wp-block-heading alignwide has-text-align-wide has-gigantic-font-size\" style=\"line-height:1.1\"><strong>Ouverture de notre local<\/strong><\/h2>\n\n\n\n<div class=\"wp-block-columns is-layout-flex wp-container-core-columns-is-layout-9d6595d7 wp-block-columns-is-layout-flex\">\n<div class=\"wp-block-column is-vertically-aligned-center is-layout-flow wp-block-column-is-layout-flow\" style=\"flex-basis:100%\">\n<p class=\"has-text-align-left\" style=\"font-size:16px\">Lundi de <strong>17h \u00e0 19h<\/strong>                               <br><\/p>\n\n\n\n<p class=\"has-text-align-left\" style=\"font-size:16px\">Mardi de <strong>16h \u00e0 18h <\/strong>                              <br><\/p>\n\n\n\n<p class=\"has-text-align-left\" style=\"font-size:16px\">Mercredi de <strong>16h \u00e0 18h <\/strong><\/p>\n\n\n\n<p class=\"has-text-align-left\" style=\"font-size:16px\">Jeudi de <strong>16h \u00e0 18h<\/strong><\/p>\n\n\n\n<p class=\"has-text-align-left\" style=\"font-size:16px\">Vendredi de <strong>17h \u00e0 19h <\/strong><\/p>\n\n\n\n<p class=\"has-text-align-left\" style=\"font-size:16px\">Samedi de <strong>16h \u00e0 19h<\/strong><\/p>\n\n\n\n<p class=\"has-text-align-left\" style=\"font-size:16px\"><\/p>\n<\/div>\n<\/div>\n\n\n\n<p style=\"font-size:16px\"><strong>Adresse:<\/strong> 129, rue Pierre Mauroy \u00e0 Lille.<\/p>\n\n\n\n<figure class=\"wp-block-image size-full alignfull is-style-twentytwentyone-border is-style-rounded\"><img loading=\"lazy\" decoding=\"async\" width=\"1024\" height=\"768\" src=\"http:\/\/lappelaubienlille.fr\/wp-content\/uploads\/2023\/10\/UNADJUSTEDNONRAW_thumb_63a.jpg\" alt=\"\" class=\"wp-image-165\" srcset=\"https:\/\/lappelaubienlille.fr\/wp-content\/uploads\/2023\/10\/UNADJUSTEDNONRAW_thumb_63a.jpg 1024w, https:\/\/lappelaubienlille.fr\/wp-content\/uploads\/2023\/10\/UNADJUSTEDNONRAW_thumb_63a-300x225.jpg 300w, https:\/\/lappelaubienlille.fr\/wp-content\/uploads\/2023\/10\/UNADJUSTEDNONRAW_thumb_63a-768x576.jpg 768w\" sizes=\"auto, (max-width: 1024px) 100vw, 1024px\" \/><\/figure>\n\n\n\n<p style=\"font-size:16px\"><\/p>\n\n\n\n<figure class=\"wp-block-image size-large is-resized\"><img loading=\"lazy\" decoding=\"async\" width=\"721\" height=\"1024\" src=\"http:\/\/lappelaubienlille.fr\/wp-content\/uploads\/2025\/04\/Le-Signe-cover-721x1024.jpg\" alt=\"\" class=\"wp-image-224\" style=\"width:172px;height:auto\" srcset=\"https:\/\/lappelaubienlille.fr\/wp-content\/uploads\/2025\/04\/Le-Signe-cover-721x1024.jpg 721w, https:\/\/lappelaubienlille.fr\/wp-content\/uploads\/2025\/04\/Le-Signe-cover-211x300.jpg 211w, https:\/\/lappelaubienlille.fr\/wp-content\/uploads\/2025\/04\/Le-Signe-cover.jpg 744w\" sizes=\"auto, (max-width: 721px) 100vw, 721px\" \/><\/figure>\n\n\n\n<p class=\"has-text-align-left has-small-font-size\"><em>* Le Signe ou La R\u00e9v\u00e9lation d&#8217;Ar\u00e8s<\/em><br>Livre disponible en librairie<\/p>\n\n\n\n<p class=\"has-medium-font-size\"><br><\/p>\n\n\n\n<p><\/p>\n\n\n\n<p><\/p>\n","protected":false},"excerpt":{"rendered":"<p>Bas\u00e9e sur Le Signe , \u00ab&nbsp;L\u2019Appel au Bien&nbsp;\u00bb est une association qui invite au changement des mentalit\u00e9s, des comportements pour mieux vivre ensemble et pour permettre \u00e0 chacun selon ses moyens, de grandir en conscience et en humanit\u00e9. Ouverture de notre local Lundi de 17h \u00e0 19h Mardi de 16h \u00e0 18h Mercredi de 16h [&hellip;]<\/p>\n","protected":false},"author":1,"featured_media":0,"parent":0,"menu_order":0,"comment_status":"closed","ping_status":"closed","template":"","meta":{"footnotes":""},"class_list":["post-10","page","type-page","status-publish","hentry"],"_links":{"self":[{"href":"https:\/\/lappelaubienlille.fr\/index.php\/wp-json\/wp\/v2\/pages\/10","targetHints":{"allow":["GET"]}}],"collection":[{"href":"https:\/\/lappelaubienlille.fr\/index.php\/wp-json\/wp\/v2\/pages"}],"about":[{"href":"https:\/\/lappelaubienlille.fr\/index.php\/wp-json\/wp\/v2\/types\/page"}],"author":[{"embeddable":true,"href":"https:\/\/lappelaubienlille.fr\/index.php\/wp-json\/wp\/v2\/users\/1"}],"replies":[{"embeddable":true,"href":"https:\/\/lappelaubienlille.fr\/index.php\/wp-json\/wp\/v2\/comments?post=10"}],"version-history":[{"count":34,"href":"https:\/\/lappelaubienlille.fr\/index.php\/wp-json\/wp\/v2\/pages\/10\/revisions"}],"predecessor-version":[{"id":239,"href":"https:\/\/lappelaubienlille.fr\/index.php\/wp-json\/wp\/v2\/pages\/10\/revisions\/239"}],"wp:attachment":[{"href":"https:\/\/lappelaubienlille.fr\/index.php\/wp-json\/wp\/v2\/media?parent=10"}],"curies":[{"name":"wp","href":"https:\/\/api.w.org\/{rel}","templated":true}]}}